{"id":1135,"date":"2022-06-20T22:33:23","date_gmt":"2022-06-20T19:33:23","guid":{"rendered":"https:\/\/santehservice.md\/?page_id=1135"},"modified":"2022-06-20T22:33:23","modified_gmt":"2022-06-20T19:33:23","slug":"despre-noi","status":"publish","type":"page","link":"https:\/\/santehservice.md\/ro\/despre-noi\/","title":{"rendered":"Despre noi"},"content":{"rendered":"<p>[vc_row][vc_column][vc_row_inner][vc_column_inner width=&#8221;1\/3&#8243;][vc_single_image image=&#8221;1059&#8243; img_size=&#8221;large&#8221;][\/vc_column_inner][vc_column_inner el_class=&#8221;mission-statement&#8221; width=&#8221;2\/3&#8243;][vc_column_text]<\/p>\n<div class=\"row this-textss\">\n<h2 class=\"this-title\">SantehSERVICE<\/h2>\n<p>Executam lucrari de instalatii sanitare de orice complexitate<br \/>\nINCALZIRE \/ ALIMENTARE APA \/ CANAL \/ INCALZITA IN PARDOSA<br \/>\n&#8211; inlocuirea si repararea sistemelor de incalzire, alimentare cu apa, salubritate.<br \/>\n&#8211; montaj pardoseli calde<br \/>\n&#8211; montare calorifere de incalzire.<br \/>\n&#8211; pregatirea pentru sezonul de incalzire (testare de presiune).<br \/>\n&#8211; eliminarea blocajelor.<br \/>\n&#8211; inlocuirea si repararea aparatelor sanitare (toalete, chiuvete, cazi de baie, chiuvete, dusuri, contoare de alimentare cu apa si incalzire, robinete etc.)<br \/>\n&#8211; instalarea cazanelor, pompelor, cazanelor \u0219i a altor echipamente.<br \/>\n&#8211; alte lucrari de instalatii sanitare.<\/p>\n<hr \/>\n<h2 class=\"this-title2\">De ce noi?<\/h2>\n<ul class=\"nav slider-list\">\n<li><span style=\"color: #ff0000;\">munca de calitate superioara<\/span><\/li>\n<li><span style=\"color: #ff0000;\">pre\u021buri competitive<\/span><\/li>\n<li><span style=\"color: #ff0000;\">execu\u021bie rapid\u0103<\/span><\/li>\n<\/ul>\n<\/div>\n<p>[\/vc_column_text][\/vc_column_inner][\/vc_row_inner][vc_empty_space height=&#8221;100px&#8221;][\/vc_column][\/vc_row][vc_row full_width=&#8221;stretch_row&#8221; el_class=&#8221;our-company&#8221;][vc_column][vc_empty_space height=&#8221;100px&#8221;][vc_row_inner][vc_column_inner el_class=&#8221;letter-spacing&#8221; width=&#8221;1\/2&#8243;][vc_column_text]<\/p>\n<h2 class=\"this-title\"><span class=\"span\">Suntem experti in instalatii sanitare<\/span><\/h2>\n<h3 class=\"this-stitle\">Ave\u021bi \u00eencredere \u00een profesioni\u0219ti<\/h3>\n<p>Mae\u0219trii companiei SantehService realizeaz\u0103 instalarea unui sistem de alimentare cu ap\u0103, \u00eenlocuirea \u021bevilor \u00eentr-o cas\u0103, instalarea \u021bevilor de ap\u0103 \u0219i alte lucr\u0103ri de instala\u021bii sanitare. Costul \u0219i viteza de procesare a aplica\u021biei v\u0103 vor surprinde pl\u0103cut.<\/p>\n<p>SantehService ofer\u0103 servicii de instala\u021bii sanitare de calitate, cu o complexitate diferit\u0103. \u00cenainte de instalare, exper\u021bii verific\u0103 setul complet de echipamente.[\/vc_column_text][\/vc_column_inner][vc_column_inner el_class=&#8221;text-right econtacts&#8221; width=&#8221;1\/2&#8243;][vc_column_text]<img loading=\"lazy\" decoding=\"async\" class=\"aligncenter size-large wp-image-1062\" src=\"https:\/\/santehservice.md\/wp-content\/uploads\/2022\/06\/2022-05-20_22-48-57-1024x685.jpg\" alt=\"\" width=\"1024\" height=\"685\" srcset=\"https:\/\/santehservice.md\/wp-content\/uploads\/2022\/06\/2022-05-20_22-48-57-1024x685.jpg 1024w, https:\/\/santehservice.md\/wp-content\/uploads\/2022\/06\/2022-05-20_22-48-57-600x402.jpg 600w, https:\/\/santehservice.md\/wp-content\/uploads\/2022\/06\/2022-05-20_22-48-57-300x201.jpg 300w, https:\/\/santehservice.md\/wp-content\/uploads\/2022\/06\/2022-05-20_22-48-57-768x514.jpg 768w, https:\/\/santehservice.md\/wp-content\/uploads\/2022\/06\/2022-05-20_22-48-57.jpg 1170w\" sizes=\"auto, (max-width: 1024px) 100vw, 1024px\" \/>[\/vc_column_text][\/vc_column_inner][\/vc_row_inner][vc_empty_space height=&#8221;100px&#8221;][\/vc_column][\/vc_row]<\/p>\n","protected":false},"excerpt":{"rendered":"<p>[vc_row][vc_column][vc_row_inner][vc_column_inner width=&#8221;1\/3&#8243;][vc_single_image image=&#8221;1059&#8243; img_size=&#8221;large&#8221;][\/vc_column_inner][vc_column_inner el_class=&#8221;mission-statement&#8221; width=&#8221;2\/3&#8243;][vc_column_text] SantehSERVICE Executam lucrari de instalatii sanitare de orice complexitate INCALZIRE \/ ALIMENTARE APA \/ CANAL \/ INCALZITA IN PARDOSA &#8211; inlocuirea si repararea sistemelor de incalzire, alimentare cu apa, salubritate. &#8211; montaj pardoseli calde &#8211; montare calorifere de incalzire. &#8211; pregatirea pentru sezonul de incalzire (testare de presiune). &#8211; [&hellip;]<\/p>\n","protected":false},"author":1,"featured_media":0,"parent":0,"menu_order":0,"comment_status":"closed","ping_status":"closed","template":"","meta":{"footnotes":""},"class_list":["post-1135","page","type-page","status-publish","hentry"],"aioseo_notices":[],"_links":{"self":[{"href":"https:\/\/santehservice.md\/ro\/wp-json\/wp\/v2\/pages\/1135","targetHints":{"allow":["GET"]}}],"collection":[{"href":"https:\/\/santehservice.md\/ro\/wp-json\/wp\/v2\/pages"}],"about":[{"href":"https:\/\/santehservice.md\/ro\/wp-json\/wp\/v2\/types\/page"}],"author":[{"embeddable":true,"href":"https:\/\/santehservice.md\/ro\/wp-json\/wp\/v2\/users\/1"}],"replies":[{"embeddable":true,"href":"https:\/\/santehservice.md\/ro\/wp-json\/wp\/v2\/comments?post=1135"}],"version-history":[{"count":1,"href":"https:\/\/santehservice.md\/ro\/wp-json\/wp\/v2\/pages\/1135\/revisions"}],"predecessor-version":[{"id":1138,"href":"https:\/\/santehservice.md\/ro\/wp-json\/wp\/v2\/pages\/1135\/revisions\/1138"}],"wp:attachment":[{"href":"https:\/\/santehservice.md\/ro\/wp-json\/wp\/v2\/media?parent=1135"}],"curies":[{"name":"wp","href":"https:\/\/api.w.org\/{rel}","templated":true}]}}