{"id":1665,"date":"2022-09-13T19:39:39","date_gmt":"2022-09-13T16:39:39","guid":{"rendered":"https:\/\/santehservice.md\/?post_type=product&#038;p=1665"},"modified":"2022-09-13T19:39:39","modified_gmt":"2022-09-13T16:39:39","slug":"set-panou-de-comanda-incalzire-pentru-cazanul-comfort-acv-instalare","status":"publish","type":"product","link":"https:\/\/santehservice.md\/ro\/shop\/set-panou-de-comanda-incalzire-pentru-cazanul-comfort-acv-instalare\/","title":{"rendered":"Set panou de comand\u0103 \u00eenc\u0103lzire pentru cazanul COMFORT ACV + instalare"},"content":{"rendered":"","protected":false},"excerpt":{"rendered":"<h1>Set panou de comand\u0103 \u00eenc\u0103lzire pentru cazanul COMFORT ACV + instalare:<br \/>\n<a href=\"tel:+373 60 094 995\">+373 60 094 995<\/a><\/h1>\n","protected":false},"featured_media":1237,"template":"","meta":[],"product_cat":[233,232],"product_tag":[254,256,253,258],"class_list":["post-1665","product","type-product","status-publish","has-post-thumbnail","hentry","product_cat-boilere","product_cat-incalzitoarele-de-apa","product_tag-boiler","product_tag-comfort-acv-2","product_tag-incalzitoarele-de-apa","product_tag-set-panou-de-comanda-incalzire-pentru-cazanul"],"aioseo_notices":[],"_links":{"self":[{"href":"https:\/\/santehservice.md\/ro\/wp-json\/wp\/v2\/product\/1665","targetHints":{"allow":["GET"]}}],"collection":[{"href":"https:\/\/santehservice.md\/ro\/wp-json\/wp\/v2\/product"}],"about":[{"href":"https:\/\/santehservice.md\/ro\/wp-json\/wp\/v2\/types\/product"}],"wp:featuredmedia":[{"embeddable":true,"href":"https:\/\/santehservice.md\/ro\/wp-json\/wp\/v2\/media\/1237"}],"wp:attachment":[{"href":"https:\/\/santehservice.md\/ro\/wp-json\/wp\/v2\/media?parent=1665"}],"wp:term":[{"taxonomy":"product_cat","embeddable":true,"href":"https:\/\/santehservice.md\/ro\/wp-json\/wp\/v2\/product_cat?post=1665"},{"taxonomy":"product_tag","embeddable":true,"href":"https:\/\/santehservice.md\/ro\/wp-json\/wp\/v2\/product_tag?post=1665"}],"curies":[{"name":"wp","href":"https:\/\/api.w.org\/{rel}","templated":true}]}}