{"id":1690,"date":"2022-09-13T20:30:19","date_gmt":"2022-09-13T17:30:19","guid":{"rendered":"https:\/\/santehservice.md\/?post_type=product&#038;p=1690"},"modified":"2022-09-13T20:30:19","modified_gmt":"2022-09-13T17:30:19","slug":"gheizer-vaillant-mag-mini-114-1-instalare","status":"publish","type":"product","link":"https:\/\/santehservice.md\/ro\/shop\/gheizer-vaillant-mag-mini-114-1-instalare\/","title":{"rendered":"Gheizer VAILLANT MAG mini 114\/1 + instalare"},"content":{"rendered":"<p>Putere termica 18 kW<br \/>\nTipul camerei de ardere Deschis<br \/>\nDraft Natural<br \/>\nControlul puterii Da<br \/>\nDisplay LCD Nr<br \/>\nTip de aprindere Piezo-aprindere<br \/>\nTip de combustibil (gaz) Natural<br \/>\nProductivitate montan\u0103. apa 11 l\/min<br \/>\nMaterial schimb\u0103tor de c\u0103ldur\u0103 Cupru<br \/>\nMaterial arzator otel inoxidabil<br \/>\nDimensiuni LxPxH 310x255x580 mm<br \/>\nDiametrul cosului de fum 110 mm<br \/>\nGreutate 12 kg<br \/>\nProducator Vaillant<br \/>\nTara de origine Germania<br \/>\nGarantie 12 luni<\/p>\n","protected":false},"excerpt":{"rendered":"<h1>Gheizer VAILLANT MAG mini 114\/1 + instalare:<br \/>\n<a href=\"tel:+373 60 094 995\">+373 60 094 995<\/a><\/h1>\n","protected":false},"featured_media":1403,"template":"","meta":[],"product_cat":[234,232],"product_tag":[263,253,266],"class_list":["post-1690","product","type-product","status-publish","has-post-thumbnail","hentry","product_cat-gheizerele","product_cat-incalzitoarele-de-apa","product_tag-gheizer","product_tag-incalzitoarele-de-apa","product_tag-vaillant-2"],"aioseo_notices":[],"_links":{"self":[{"href":"https:\/\/santehservice.md\/ro\/wp-json\/wp\/v2\/product\/1690","targetHints":{"allow":["GET"]}}],"collection":[{"href":"https:\/\/santehservice.md\/ro\/wp-json\/wp\/v2\/product"}],"about":[{"href":"https:\/\/santehservice.md\/ro\/wp-json\/wp\/v2\/types\/product"}],"wp:featuredmedia":[{"embeddable":true,"href":"https:\/\/santehservice.md\/ro\/wp-json\/wp\/v2\/media\/1403"}],"wp:attachment":[{"href":"https:\/\/santehservice.md\/ro\/wp-json\/wp\/v2\/media?parent=1690"}],"wp:term":[{"taxonomy":"product_cat","embeddable":true,"href":"https:\/\/santehservice.md\/ro\/wp-json\/wp\/v2\/product_cat?post=1690"},{"taxonomy":"product_tag","embeddable":true,"href":"https:\/\/santehservice.md\/ro\/wp-json\/wp\/v2\/product_tag?post=1690"}],"curies":[{"name":"wp","href":"https:\/\/api.w.org\/{rel}","templated":true}]}}