{"id":1710,"date":"2022-09-13T20:45:59","date_gmt":"2022-09-13T17:45:59","guid":{"rendered":"https:\/\/santehservice.md\/?post_type=product&#038;p=1710"},"modified":"2022-09-13T20:46:29","modified_gmt":"2022-09-13T17:46:29","slug":"gheizer-euroterm-et-s20-1sf-instalare","status":"publish","type":"product","link":"https:\/\/santehservice.md\/ro\/shop\/gheizer-euroterm-et-s20-1sf-instalare\/","title":{"rendered":"Gheizer Euroterm ET S20-1SF + instalare"},"content":{"rendered":"<p>Putere termica 20 kW<br \/>\nTipul camerei de ardere Deschis<br \/>\nEficien\u021b\u0103 88%<br \/>\nThrust Semi-Turbo<br \/>\nControlul puterii Da<br \/>\nDisplay LCD Da<br \/>\nSursa de alimentare Re\u021bea 220V\/50Hz<br \/>\nAprindere electronica Da<br \/>\nTip de aprindere Electronic<br \/>\nTip de combustibil (gaz) Natural<br \/>\nConsum de gaze naturale 2,3 m\u00b3\/h<br \/>\nProductivitate montan\u0103. apa 10 l\/min<br \/>\nPresiunea apei admis\u0103 (min\/max) 0,2 \/ 7 bar<br \/>\nMaterial schimb\u0103tor de c\u0103ldur\u0103 Cupru<br \/>\nMaterial arzator Otel crom-nichel<br \/>\nDimensiuni LxPxH 340x145x590 mm<br \/>\nDiametrul cosului de fum 60 mm<br \/>\nGreutate 12,5 kg<br \/>\nProducator Euroterm<br \/>\nTara de origine China<br \/>\nGarantie 12 luni<\/p>\n","protected":false},"excerpt":{"rendered":"<h1>Gheizer Euroterm ET S20-1SF + instalare:<br \/>\n<a href=\"tel:+373 60 094 995\">+373 60 094 995<\/a><\/h1>\n","protected":false},"featured_media":1424,"template":"","meta":[],"product_cat":[234,232],"product_tag":[265,263,253],"class_list":["post-1710","product","type-product","status-publish","has-post-thumbnail","hentry","product_cat-gheizerele","product_cat-incalzitoarele-de-apa","product_tag-euroterm-2","product_tag-gheizer","product_tag-incalzitoarele-de-apa"],"aioseo_notices":[],"_links":{"self":[{"href":"https:\/\/santehservice.md\/ro\/wp-json\/wp\/v2\/product\/1710","targetHints":{"allow":["GET"]}}],"collection":[{"href":"https:\/\/santehservice.md\/ro\/wp-json\/wp\/v2\/product"}],"about":[{"href":"https:\/\/santehservice.md\/ro\/wp-json\/wp\/v2\/types\/product"}],"wp:featuredmedia":[{"embeddable":true,"href":"https:\/\/santehservice.md\/ro\/wp-json\/wp\/v2\/media\/1424"}],"wp:attachment":[{"href":"https:\/\/santehservice.md\/ro\/wp-json\/wp\/v2\/media?parent=1710"}],"wp:term":[{"taxonomy":"product_cat","embeddable":true,"href":"https:\/\/santehservice.md\/ro\/wp-json\/wp\/v2\/product_cat?post=1710"},{"taxonomy":"product_tag","embeddable":true,"href":"https:\/\/santehservice.md\/ro\/wp-json\/wp\/v2\/product_tag?post=1710"}],"curies":[{"name":"wp","href":"https:\/\/api.w.org\/{rel}","templated":true}]}}