{"id":1724,"date":"2022-09-13T20:58:30","date_gmt":"2022-09-13T17:58:30","guid":{"rendered":"https:\/\/santehservice.md\/?post_type=product&#038;p=1724"},"modified":"2022-09-13T20:58:30","modified_gmt":"2022-09-13T17:58:30","slug":"incalzitor-de-apa-electric-euroterm-bef-002e-instalare","status":"publish","type":"product","link":"https:\/\/santehservice.md\/ro\/shop\/incalzitor-de-apa-electric-euroterm-bef-002e-instalare\/","title":{"rendered":"\u00cenc\u0103lzitor de ap\u0103 electric Euroterm BEF-002E + instalare"},"content":{"rendered":"<p>Acest dispozitiv este conceput pentru a \u00eenc\u0103lzi apa \u00een doar c\u00e2teva secunde, a economisi energie, a economisi timp. Duza robinetului se \u00eentoarce la dreapta, respectiv la st\u00e2nga, dispozitivul este potrivit pentru instalarea \u00een chiuvet\u0103 pentru unul \u0219i dou\u0103 compartimente. Arat\u0103 ca un robinet obi\u0219nuit \u00eentr-o buc\u0103t\u0103rie sau baie. \u0218i nu necesit\u0103 o instalare complex\u0103 &#8211; pute\u021bi instala cu u\u0219urin\u021b\u0103 singur. Solu\u021bia ideal\u0103 pentru locuin\u021be f\u0103r\u0103 instala\u021bie de ap\u0103 cald\u0103.<br \/>\nProdusul apar\u021bine clasei de dispozitive de mare putere. \u00cenainte de a instala dispozitivul (respecta\u021bi cerin\u021bele men\u021bionate \u00een acest capitol de mai sus), asigura\u021bi-v\u0103 c\u0103 cablurile sunt potrivite pentru curentul nominal specificat al dispozitivului.<br \/>\nAcest robinet pentru \u00eenc\u0103lzirea apei trebuie s\u0103 fie \u00eemp\u0103m\u00e2ntat, de ex. Priza trebuie s\u0103 aib\u0103 un fir de \u00eemp\u0103m\u00e2ntare \u0219i trebuie conectat\u0103 la firul de \u00eemp\u0103m\u00e2ntare al re\u021belei de alimentare.<br \/>\nTensiune: 220-240V\/50Hz<br \/>\nPutere: 3 kW<br \/>\nLungime cablu: 1 m<br \/>\nSec\u021biunea cablului: 1,5 mm<br \/>\nSiguran\u021b\u0103: 16A<br \/>\nAmperaj: 20A<br \/>\nMaterial: plastic, metal<br \/>\nPresiune de lucru: 0,04 &#8211; 0,6 MPa<br \/>\nRacord apa: 1\/2 filet interior<\/p>\n","protected":false},"excerpt":{"rendered":"<h1>\u00cenc\u0103lzitor de ap\u0103 electric Euroterm BEF-002E + instalare:<br \/>\n<a href=\"tel:+373 60 094 995\">+373 60 094 995<\/a><\/h1>\n","protected":false},"featured_media":1647,"template":"","meta":[],"product_cat":[235,232],"product_tag":[265,253,268],"class_list":["post-1724","product","type-product","status-publish","has-post-thumbnail","hentry","product_cat-incalzitoare-de-apa-electrice","product_cat-incalzitoarele-de-apa","product_tag-euroterm-2","product_tag-incalzitoarele-de-apa","product_tag-incalzitor-de-apa-electric"],"aioseo_notices":[],"_links":{"self":[{"href":"https:\/\/santehservice.md\/ro\/wp-json\/wp\/v2\/product\/1724","targetHints":{"allow":["GET"]}}],"collection":[{"href":"https:\/\/santehservice.md\/ro\/wp-json\/wp\/v2\/product"}],"about":[{"href":"https:\/\/santehservice.md\/ro\/wp-json\/wp\/v2\/types\/product"}],"wp:featuredmedia":[{"embeddable":true,"href":"https:\/\/santehservice.md\/ro\/wp-json\/wp\/v2\/media\/1647"}],"wp:attachment":[{"href":"https:\/\/santehservice.md\/ro\/wp-json\/wp\/v2\/media?parent=1724"}],"wp:term":[{"taxonomy":"product_cat","embeddable":true,"href":"https:\/\/santehservice.md\/ro\/wp-json\/wp\/v2\/product_cat?post=1724"},{"taxonomy":"product_tag","embeddable":true,"href":"https:\/\/santehservice.md\/ro\/wp-json\/wp\/v2\/product_tag?post=1724"}],"curies":[{"name":"wp","href":"https:\/\/api.w.org\/{rel}","templated":true}]}}