{"id":1727,"date":"2022-09-13T21:03:14","date_gmt":"2022-09-13T18:03:14","guid":{"rendered":"https:\/\/santehservice.md\/?post_type=product&#038;p=1727"},"modified":"2022-09-13T21:03:14","modified_gmt":"2022-09-13T18:03:14","slug":"hidrofor-jdwm1ax-n-30-4-pedrollo-instalare","status":"publish","type":"product","link":"https:\/\/santehservice.md\/ro\/shop\/hidrofor-jdwm1ax-n-30-4-pedrollo-instalare\/","title":{"rendered":"Hidrofor JDWM1AX-N 30-4 PEDROLLO + instalare"},"content":{"rendered":"<p>Sta\u021bia de pompare Hydrofresh este recomandat\u0103 pentru alimentarea cu ap\u0103 \u00een combina\u021bie cu mici acumulatoare hidraulice, pentru udarea gr\u0103dinilor \u0219i livezilor, prelevarea apei din pu\u021buri \u0219i rezervoare, \u0219i \u00een toate cazurile \u00een care \u00een lichidul pompat este prezent aer sau gaz.<\/p>\n","protected":false},"excerpt":{"rendered":"<h1>Hidrofor JDWM1AX-N 30-4 PEDROLLO + instalare:<br \/>\n<a href=\"tel:+373 60 094 995\">+373 60 094 995<\/a><\/h1>\n","protected":false},"featured_media":1568,"template":"","meta":[],"product_cat":[237,236],"product_tag":[269,270,271],"class_list":["post-1727","product","type-product","status-publish","has-post-thumbnail","hentry","product_cat-hidrofoare","product_cat-pompe","product_tag-hidrofor","product_tag-pedrollo-2","product_tag-pompe"],"aioseo_notices":[],"_links":{"self":[{"href":"https:\/\/santehservice.md\/ro\/wp-json\/wp\/v2\/product\/1727","targetHints":{"allow":["GET"]}}],"collection":[{"href":"https:\/\/santehservice.md\/ro\/wp-json\/wp\/v2\/product"}],"about":[{"href":"https:\/\/santehservice.md\/ro\/wp-json\/wp\/v2\/types\/product"}],"wp:featuredmedia":[{"embeddable":true,"href":"https:\/\/santehservice.md\/ro\/wp-json\/wp\/v2\/media\/1568"}],"wp:attachment":[{"href":"https:\/\/santehservice.md\/ro\/wp-json\/wp\/v2\/media?parent=1727"}],"wp:term":[{"taxonomy":"product_cat","embeddable":true,"href":"https:\/\/santehservice.md\/ro\/wp-json\/wp\/v2\/product_cat?post=1727"},{"taxonomy":"product_tag","embeddable":true,"href":"https:\/\/santehservice.md\/ro\/wp-json\/wp\/v2\/product_tag?post=1727"}],"curies":[{"name":"wp","href":"https:\/\/api.w.org\/{rel}","templated":true}]}}