{"id":1729,"date":"2022-09-13T21:05:10","date_gmt":"2022-09-13T18:05:10","guid":{"rendered":"https:\/\/santehservice.md\/?post_type=product&#038;p=1729"},"modified":"2022-09-13T21:05:10","modified_gmt":"2022-09-13T18:05:10","slug":"hidrofor-5crm100-pedrollo-instalare","status":"publish","type":"product","link":"https:\/\/santehservice.md\/ro\/shop\/hidrofor-5crm100-pedrollo-instalare\/","title":{"rendered":"Hidrofor 5CRM100 PEDROLLO + instalare"},"content":{"rendered":"<p>Sta\u021bia de pompare Hydrofresh este recomandat\u0103 pentru alimentarea cu ap\u0103 \u00een combina\u021bie cu mici acumulatoare hidraulice, pentru udarea gr\u0103dinilor \u0219i gr\u0103dinilor de legume, prelevarea apei din pu\u021buri \u0219i rezervoare, precum \u0219i \u00een toate cazurile \u00een care \u00een lichidul pompat este prezent aer sau gaz.<\/p>\n","protected":false},"excerpt":{"rendered":"<h1>Hidrofor 5CRM100 PEDROLLO + instalare:<br \/>\n<a href=\"tel:+373 60 094 995\">+373 60 094 995<\/a><\/h1>\n","protected":false},"featured_media":1571,"template":"","meta":[],"product_cat":[237,236],"product_tag":[269,270,271],"class_list":["post-1729","product","type-product","status-publish","has-post-thumbnail","hentry","product_cat-hidrofoare","product_cat-pompe","product_tag-hidrofor","product_tag-pedrollo-2","product_tag-pompe"],"aioseo_notices":[],"_links":{"self":[{"href":"https:\/\/santehservice.md\/ro\/wp-json\/wp\/v2\/product\/1729","targetHints":{"allow":["GET"]}}],"collection":[{"href":"https:\/\/santehservice.md\/ro\/wp-json\/wp\/v2\/product"}],"about":[{"href":"https:\/\/santehservice.md\/ro\/wp-json\/wp\/v2\/types\/product"}],"wp:featuredmedia":[{"embeddable":true,"href":"https:\/\/santehservice.md\/ro\/wp-json\/wp\/v2\/media\/1571"}],"wp:attachment":[{"href":"https:\/\/santehservice.md\/ro\/wp-json\/wp\/v2\/media?parent=1729"}],"wp:term":[{"taxonomy":"product_cat","embeddable":true,"href":"https:\/\/santehservice.md\/ro\/wp-json\/wp\/v2\/product_cat?post=1729"},{"taxonomy":"product_tag","embeddable":true,"href":"https:\/\/santehservice.md\/ro\/wp-json\/wp\/v2\/product_tag?post=1729"}],"curies":[{"name":"wp","href":"https:\/\/api.w.org\/{rel}","templated":true}]}}