{"id":1736,"date":"2022-09-13T21:19:58","date_gmt":"2022-09-13T18:19:58","guid":{"rendered":"https:\/\/santehservice.md\/?post_type=product&#038;p=1736"},"modified":"2022-09-13T21:19:58","modified_gmt":"2022-09-13T18:19:58","slug":"pompa-de-drenaj-top-2-vortex-pedrollo-instalare","status":"publish","type":"product","link":"https:\/\/santehservice.md\/ro\/shop\/pompa-de-drenaj-top-2-vortex-pedrollo-instalare\/","title":{"rendered":"Pomp\u0103 de drenaj TOP-2 VORTEX PEDROLLO + instalare"},"content":{"rendered":"<p>Aceasta pompa electrica de drenaj este recomandata pentru pomparea apei contaminate. Pompele sunt folosite \u00een via\u021ba de zi cu zi pentru drenarea piscinelor \u0219i b\u0103ilor, pentru drenarea apelor uzate menajere, pentru ridicarea apelor poluate cu solide \u00een suspensie p\u00e2n\u0103 la \u00d820 mm.<\/p>\n","protected":false},"excerpt":{"rendered":"<h1>Pomp\u0103 de drenaj TOP-2 VORTEX PEDROLLO + instalare:<br \/>\n<a href=\"tel:+373 60 094 995\">+373 60 094 995<\/a><\/h1>\n","protected":false},"featured_media":1580,"template":"","meta":[],"product_cat":[238,236],"product_tag":[274,273,270,272,271],"class_list":["post-1736","product","type-product","status-publish","has-post-thumbnail","hentry","product_cat-drenaj-fecal","product_cat-pompe","product_tag-drenaj","product_tag-fecal","product_tag-pedrollo-2","product_tag-pompa-de-drenaj","product_tag-pompe"],"aioseo_notices":[],"_links":{"self":[{"href":"https:\/\/santehservice.md\/ro\/wp-json\/wp\/v2\/product\/1736","targetHints":{"allow":["GET"]}}],"collection":[{"href":"https:\/\/santehservice.md\/ro\/wp-json\/wp\/v2\/product"}],"about":[{"href":"https:\/\/santehservice.md\/ro\/wp-json\/wp\/v2\/types\/product"}],"wp:featuredmedia":[{"embeddable":true,"href":"https:\/\/santehservice.md\/ro\/wp-json\/wp\/v2\/media\/1580"}],"wp:attachment":[{"href":"https:\/\/santehservice.md\/ro\/wp-json\/wp\/v2\/media?parent=1736"}],"wp:term":[{"taxonomy":"product_cat","embeddable":true,"href":"https:\/\/santehservice.md\/ro\/wp-json\/wp\/v2\/product_cat?post=1736"},{"taxonomy":"product_tag","embeddable":true,"href":"https:\/\/santehservice.md\/ro\/wp-json\/wp\/v2\/product_tag?post=1736"}],"curies":[{"name":"wp","href":"https:\/\/api.w.org\/{rel}","templated":true}]}}