{"id":1740,"date":"2022-09-13T21:23:28","date_gmt":"2022-09-13T18:23:28","guid":{"rendered":"https:\/\/santehservice.md\/?post_type=product&#038;p=1740"},"modified":"2022-09-13T21:23:28","modified_gmt":"2022-09-13T18:23:28","slug":"pompa-de-drenaj-dm30n-pedrollo-instalare","status":"publish","type":"product","link":"https:\/\/santehservice.md\/ro\/shop\/pompa-de-drenaj-dm30n-pedrollo-instalare\/","title":{"rendered":"Pomp\u0103 de drenaj DM30N PEDROLLO + instalare"},"content":{"rendered":"<p>Proiectate pentru drenarea apei curate sau u\u0219or contaminate, pompele din seria D sunt recomandate pentru aplica\u021bii casnice \u0219i profesionale: deshidratarea subsoluriilor inundate, golirea rezervoarelor \u0219i rezervoarelor de stocare \u0219i pomparea apelor uzate necontaminate. Aceste pompe se caracterizeaz\u0103 printr-o func\u021bionare fiabil\u0103 \u00een modul automat atunci c\u00e2nd sunt utilizate \u00eentr-o versiune sta\u021bionar\u0103.<\/p>\n","protected":false},"excerpt":{"rendered":"<h1>Pomp\u0103 de drenaj DM30N PEDROLLO + instalare:<br \/>\n<a href=\"tel:+373 60 094 995\">+373 60 094 995<\/a><\/h1>\n","protected":false},"featured_media":1586,"template":"","meta":[],"product_cat":[238,236],"product_tag":[274,273,270,272,271],"class_list":["post-1740","product","type-product","status-publish","has-post-thumbnail","hentry","product_cat-drenaj-fecal","product_cat-pompe","product_tag-drenaj","product_tag-fecal","product_tag-pedrollo-2","product_tag-pompa-de-drenaj","product_tag-pompe"],"aioseo_notices":[],"_links":{"self":[{"href":"https:\/\/santehservice.md\/ro\/wp-json\/wp\/v2\/product\/1740","targetHints":{"allow":["GET"]}}],"collection":[{"href":"https:\/\/santehservice.md\/ro\/wp-json\/wp\/v2\/product"}],"about":[{"href":"https:\/\/santehservice.md\/ro\/wp-json\/wp\/v2\/types\/product"}],"wp:featuredmedia":[{"embeddable":true,"href":"https:\/\/santehservice.md\/ro\/wp-json\/wp\/v2\/media\/1586"}],"wp:attachment":[{"href":"https:\/\/santehservice.md\/ro\/wp-json\/wp\/v2\/media?parent=1740"}],"wp:term":[{"taxonomy":"product_cat","embeddable":true,"href":"https:\/\/santehservice.md\/ro\/wp-json\/wp\/v2\/product_cat?post=1740"},{"taxonomy":"product_tag","embeddable":true,"href":"https:\/\/santehservice.md\/ro\/wp-json\/wp\/v2\/product_tag?post=1740"}],"curies":[{"name":"wp","href":"https:\/\/api.w.org\/{rel}","templated":true}]}}