{"id":1743,"date":"2022-09-13T21:28:14","date_gmt":"2022-09-13T18:28:14","guid":{"rendered":"https:\/\/santehservice.md\/?post_type=product&#038;p=1743"},"modified":"2022-09-13T21:28:14","modified_gmt":"2022-09-13T18:28:14","slug":"pompa-de-drenaj-top-2-pedrollo-instalare","status":"publish","type":"product","link":"https:\/\/santehservice.md\/ro\/shop\/pompa-de-drenaj-top-2-pedrollo-instalare\/","title":{"rendered":"Pomp\u0103 de drenaj TOP 2 PEDROLLO + instalare"},"content":{"rendered":"<p>Aceast\u0103 pomp\u0103 este potrivit\u0103 \u00een special pentru dezumidificarea \u00eenc\u0103perilor inundate de volum mic, \u00een situa\u021bii de urgen\u021b\u0103, precum (camere, pivni\u021be, boxe), pentru golirea piscinelor, c\u0103zilor \u0219i acvariilor, pentru tratarea apelor uzate menajere, (ma\u0219ini de sp\u0103lat \u0219i ma\u0219ini de sp\u0103lat vase) , pentru alimentarea cu ap\u0103 a f\u00e2nt\u00e2nilor de gr\u0103din\u0103, pentru irigarea gr\u0103dinilor mici \u0219i livezilor din rezervoarele de depozitare, pentru scurgerea micilor gropi de canalizare.<\/p>\n","protected":false},"excerpt":{"rendered":"<h1>Pomp\u0103 de drenaj TOP 2 PEDROLLO + instalare:<br \/>\n<a href=\"tel:+373 60 094 995\">+373 60 094 995<\/a><\/h1>\n","protected":false},"featured_media":1592,"template":"","meta":[],"product_cat":[238,236],"product_tag":[274,273,270,272,271],"class_list":["post-1743","product","type-product","status-publish","has-post-thumbnail","hentry","product_cat-drenaj-fecal","product_cat-pompe","product_tag-drenaj","product_tag-fecal","product_tag-pedrollo-2","product_tag-pompa-de-drenaj","product_tag-pompe"],"aioseo_notices":[],"_links":{"self":[{"href":"https:\/\/santehservice.md\/ro\/wp-json\/wp\/v2\/product\/1743","targetHints":{"allow":["GET"]}}],"collection":[{"href":"https:\/\/santehservice.md\/ro\/wp-json\/wp\/v2\/product"}],"about":[{"href":"https:\/\/santehservice.md\/ro\/wp-json\/wp\/v2\/types\/product"}],"wp:featuredmedia":[{"embeddable":true,"href":"https:\/\/santehservice.md\/ro\/wp-json\/wp\/v2\/media\/1592"}],"wp:attachment":[{"href":"https:\/\/santehservice.md\/ro\/wp-json\/wp\/v2\/media?parent=1743"}],"wp:term":[{"taxonomy":"product_cat","embeddable":true,"href":"https:\/\/santehservice.md\/ro\/wp-json\/wp\/v2\/product_cat?post=1743"},{"taxonomy":"product_tag","embeddable":true,"href":"https:\/\/santehservice.md\/ro\/wp-json\/wp\/v2\/product_tag?post=1743"}],"curies":[{"name":"wp","href":"https:\/\/api.w.org\/{rel}","templated":true}]}}