{"id":1751,"date":"2022-09-13T21:43:45","date_gmt":"2022-09-13T18:43:45","guid":{"rendered":"https:\/\/santehservice.md\/?post_type=product&#038;p=1751"},"modified":"2022-09-13T21:43:45","modified_gmt":"2022-09-13T18:43:45","slug":"pompa-de-foraj-4srm-4-6-f-pd-new-pedrollo-instalare","status":"publish","type":"product","link":"https:\/\/santehservice.md\/ro\/shop\/pompa-de-foraj-4srm-4-6-f-pd-new-pedrollo-instalare\/","title":{"rendered":"Pomp\u0103 de foraj 4SRM 4\/6 F-PD (NEW) PEDROLLO + instalare"},"content":{"rendered":"<p>Pompele din seria 4SR trebuie instalate \u00een foraje care au un diametru de cel pu\u021bin 4 inchi (100 mm). Pompa trebuie cobor\u00e2t\u0103 \u00eentr-un orificiu cu diametrul de 2 m, cum ar fi o conduct\u0103 de alimentare, la o astfel de ad\u00e2ncime (min. 50 cm \u0219i cel pu\u021bin de jos) \u00eenc\u00e2t s\u0103 fie complet scufundat\u0103 \u00een timpul func\u021bion\u0103rii, c\u00e2nd nivelul apei \u00een bine poate sc\u0103dea. Se recomand\u0103 fixarea pompei prin ata\u0219area unui cablu din o\u021bel inoxidabil la punctele de ata\u0219are prev\u0103zute pe carcasa de refulare.<\/p>\n","protected":false},"excerpt":{"rendered":"<h1>Pomp\u0103 de foraj 4SRM 4\/6 F-PD (NEW) PEDROLLO + instalare:<br \/>\n<a href=\"tel:+373 60 094 995\">+373 60 094 995<\/a><\/h1>\n","protected":false},"featured_media":1601,"template":"","meta":[],"product_cat":[236,239],"product_tag":[270,275,271,276],"class_list":["post-1751","product","type-product","status-publish","has-post-thumbnail","hentry","product_cat-pompe","product_cat-pompe-de-fund","product_tag-pedrollo-2","product_tag-pompa-de-foraj","product_tag-pompe","product_tag-pompe-de-fund"],"aioseo_notices":[],"_links":{"self":[{"href":"https:\/\/santehservice.md\/ro\/wp-json\/wp\/v2\/product\/1751","targetHints":{"allow":["GET"]}}],"collection":[{"href":"https:\/\/santehservice.md\/ro\/wp-json\/wp\/v2\/product"}],"about":[{"href":"https:\/\/santehservice.md\/ro\/wp-json\/wp\/v2\/types\/product"}],"wp:featuredmedia":[{"embeddable":true,"href":"https:\/\/santehservice.md\/ro\/wp-json\/wp\/v2\/media\/1601"}],"wp:attachment":[{"href":"https:\/\/santehservice.md\/ro\/wp-json\/wp\/v2\/media?parent=1751"}],"wp:term":[{"taxonomy":"product_cat","embeddable":true,"href":"https:\/\/santehservice.md\/ro\/wp-json\/wp\/v2\/product_cat?post=1751"},{"taxonomy":"product_tag","embeddable":true,"href":"https:\/\/santehservice.md\/ro\/wp-json\/wp\/v2\/product_tag?post=1751"}],"curies":[{"name":"wp","href":"https:\/\/api.w.org\/{rel}","templated":true}]}}