{"id":1753,"date":"2022-09-13T21:47:08","date_gmt":"2022-09-13T18:47:08","guid":{"rendered":"https:\/\/santehservice.md\/?post_type=product&#038;p=1753"},"modified":"2022-09-13T21:47:08","modified_gmt":"2022-09-13T18:47:08","slug":"pompa-de-foraj-4sr-8-43-f-pd-new-pedrollo-instalare","status":"publish","type":"product","link":"https:\/\/santehservice.md\/ro\/shop\/pompa-de-foraj-4sr-8-43-f-pd-new-pedrollo-instalare\/","title":{"rendered":"Pomp\u0103 de foraj 4SR 8\/43 F-PD (NEW) PEDROLLO + instalare"},"content":{"rendered":"<p>Pomp\u0103 de foraj Pedrollo 4SR-F &#8211; potrivit\u0103 pentru utilizare cu ap\u0103 curat\u0103 cu un con\u021binut de nisip de cel mult 150 g\/m3. Datorit\u0103 eficien\u021bei \u0219i fiabilit\u0103\u021bii lor ridicate, sunt potrivite pentru aplica\u021bii casnice, civile \u0219i industriale precum distribu\u021bia apei combinat\u0103 cu rezervoare sub presiune, iriga\u021bii etc.<\/p>\n","protected":false},"excerpt":{"rendered":"<h1>Pomp\u0103 de foraj 4SR 8\/43 F-PD (NEW) PEDROLLO + instalare:<br \/>\n<a href=\"tel:+373 60 094 995\">+373 60 094 995<\/a><\/h1>\n","protected":false},"featured_media":1607,"template":"","meta":[],"product_cat":[236,239],"product_tag":[270,275,271,276],"class_list":["post-1753","product","type-product","status-publish","has-post-thumbnail","hentry","product_cat-pompe","product_cat-pompe-de-fund","product_tag-pedrollo-2","product_tag-pompa-de-foraj","product_tag-pompe","product_tag-pompe-de-fund"],"aioseo_notices":[],"_links":{"self":[{"href":"https:\/\/santehservice.md\/ro\/wp-json\/wp\/v2\/product\/1753","targetHints":{"allow":["GET"]}}],"collection":[{"href":"https:\/\/santehservice.md\/ro\/wp-json\/wp\/v2\/product"}],"about":[{"href":"https:\/\/santehservice.md\/ro\/wp-json\/wp\/v2\/types\/product"}],"wp:featuredmedia":[{"embeddable":true,"href":"https:\/\/santehservice.md\/ro\/wp-json\/wp\/v2\/media\/1607"}],"wp:attachment":[{"href":"https:\/\/santehservice.md\/ro\/wp-json\/wp\/v2\/media?parent=1753"}],"wp:term":[{"taxonomy":"product_cat","embeddable":true,"href":"https:\/\/santehservice.md\/ro\/wp-json\/wp\/v2\/product_cat?post=1753"},{"taxonomy":"product_tag","embeddable":true,"href":"https:\/\/santehservice.md\/ro\/wp-json\/wp\/v2\/product_tag?post=1753"}],"curies":[{"name":"wp","href":"https:\/\/api.w.org\/{rel}","templated":true}]}}