{"id":1760,"date":"2022-09-13T21:56:13","date_gmt":"2022-09-13T18:56:13","guid":{"rendered":"https:\/\/santehservice.md\/?post_type=product&#038;p=1760"},"modified":"2022-09-13T21:56:13","modified_gmt":"2022-09-13T18:56:13","slug":"pompa-de-circulatie-tlc-32-6-xylem-lowara-instalare","status":"publish","type":"product","link":"https:\/\/santehservice.md\/ro\/shop\/pompa-de-circulatie-tlc-32-6-xylem-lowara-instalare\/","title":{"rendered":"Pomp\u0103 de circula\u021bie TLC 32\/6 XYLEM LOWARA + instalare"},"content":{"rendered":"<p>Pompele de circula\u021bie Lowara TLC sunt proiectate pentru sistemele de \u00eenc\u0103lzire, ventila\u021bie \u0219i aer condi\u021bionat. Principala tr\u0103s\u0103tur\u0103 distinctiv\u0103 a pompelor din aceast\u0103 serie este un rotor umed, adic\u0103 scufundat \u00een lichidul pompat \u00een timpul func\u021bion\u0103rii. Acest lucru faciliteaz\u0103 foarte mult \u00eentre\u021binerea pompei, deoarece apa lubrifiaz\u0103 \u0219i r\u0103ce\u0219te motorul. \u00cen plus, pute\u021bi economisi \u00een continuare consumabile, ceea ce face ca acest model s\u0103 fie extrem de atractiv pentru utilit\u0103\u021bi.<br \/>\nO alt\u0103 caracteristic\u0103 important\u0103 este prezen\u021ba unui comutator cu trei pozi\u021bii pentru a schimba modul de func\u021bionare al pompei. Astfel, pompele de circula\u021bie TLC 32-6L de la Lowara sunt perfecte pentru func\u021bionarea \u00een cl\u0103diri cu o sarcin\u0103 redus\u0103 la comunica\u021biile conductelor. Indicatorul de presiune de func\u021bionare corespunde standardului de 10 bar \u0219i este luat cu o marj\u0103 suficient\u0103, deoarece, \u00een practic\u0103, \u00een sistemele de utilit\u0103\u021bi, \u00een special cu \u00eenc\u0103rcare moderat\u0103 \u0219i sc\u0103zut\u0103, o astfel de presiune este pur \u0219i simplu exclus\u0103. Puterea motorului variaz\u0103 de la 43 la 80 de wa\u021bi. Temperatura mediului pompat pentru modelul TLC 32-6L poate ajunge la +110 grade. \u00cen\u0103l\u021bimea este de la 4,1 la 0,9 m, debitul este de la 0,6 la 3,2 m3\/h. Re\u021bea de alimentare tensiune variabil\u0103 220V.<\/p>\n","protected":false},"excerpt":{"rendered":"<h1>Pomp\u0103 de circula\u021bie TLC 32\/6 XYLEM LOWARA + instalare:<br \/>\n<a href=\"tel:+373 60 094 995\">+373 60 094 995<\/a><\/h1>\n","protected":false},"featured_media":1627,"template":"","meta":[],"product_cat":[236,240],"product_tag":[280,277,271],"class_list":["post-1760","product","type-product","status-publish","has-post-thumbnail","hentry","product_cat-pompe","product_cat-pompe-de-circulatie","product_tag-lowara-2","product_tag-pompa-de-circulatie","product_tag-pompe"],"aioseo_notices":[],"_links":{"self":[{"href":"https:\/\/santehservice.md\/ro\/wp-json\/wp\/v2\/product\/1760","targetHints":{"allow":["GET"]}}],"collection":[{"href":"https:\/\/santehservice.md\/ro\/wp-json\/wp\/v2\/product"}],"about":[{"href":"https:\/\/santehservice.md\/ro\/wp-json\/wp\/v2\/types\/product"}],"wp:featuredmedia":[{"embeddable":true,"href":"https:\/\/santehservice.md\/ro\/wp-json\/wp\/v2\/media\/1627"}],"wp:attachment":[{"href":"https:\/\/santehservice.md\/ro\/wp-json\/wp\/v2\/media?parent=1760"}],"wp:term":[{"taxonomy":"product_cat","embeddable":true,"href":"https:\/\/santehservice.md\/ro\/wp-json\/wp\/v2\/product_cat?post=1760"},{"taxonomy":"product_tag","embeddable":true,"href":"https:\/\/santehservice.md\/ro\/wp-json\/wp\/v2\/product_tag?post=1760"}],"curies":[{"name":"wp","href":"https:\/\/api.w.org\/{rel}","templated":true}]}}