{"id":1790,"date":"2022-09-13T22:39:52","date_gmt":"2022-09-13T19:39:52","guid":{"rendered":"https:\/\/santehservice.md\/?post_type=product&#038;p=1790"},"modified":"2022-09-13T22:40:33","modified_gmt":"2022-09-13T19:40:33","slug":"cazan-pe-gaz-beretta-city-instalare","status":"publish","type":"product","link":"https:\/\/santehservice.md\/ro\/shop\/cazan-pe-gaz-beretta-city-instalare\/","title":{"rendered":"Cazan pe gaz Beretta CITY + instalare"},"content":{"rendered":"<p>Suprafata de incalzire 240 m\u00b2<br \/>\nPutere 24 kW<br \/>\nInstalare Montat pe perete<br \/>\nTip cazan pe gaz traditional<br \/>\nEficien\u021b\u0103 91,8%<br \/>\nTip gaz natural<br \/>\nNum\u0103r de circuite 2 buc.<br \/>\nNum\u0103rul de schimb\u0103toare de c\u0103ldur\u0103 2<br \/>\nCamer\u0103 de ardere \u00eenchis\u0103 (turbo)<br \/>\nEvacuarea produselor de ardere For\u021bat\u0103<br \/>\nVolumul vasului de expansiune este de 8 l.<br \/>\nInterval de temperatur\u0103 CH 40 &#8211; 80 \u00b0C<br \/>\nInterval de temperatur\u0103 ACM 36 &#8211; 60 \u00b0C<br \/>\nDimensiuni LxPxH 405x248x715 mm<br \/>\nGreutatea cazanului 31 kg<br \/>\nLocul de na\u0219tere al m\u0103rcii Italia<br \/>\nTara de origine Italia<br \/>\nmarca Beretta<br \/>\nSeria CITY<\/p>\n","protected":false},"excerpt":{"rendered":"<h1>Cazan pe gaz Beretta CITY + instalare:<br \/>\n<a href=\"tel:+373 60 094 995\">+373 60 094 995<\/a><\/h1>\n","protected":false},"featured_media":1324,"template":"","meta":[],"product_cat":[242,241],"product_tag":[287,285,286],"class_list":["post-1790","product","type-product","status-publish","has-post-thumbnail","hentry","product_cat-cazane-pe-gaz","product_cat-incalzire-si-apa-calda","product_tag-beretta-2","product_tag-cazane-pe-gaz","product_tag-incalzire-si-apa-calda"],"aioseo_notices":[],"_links":{"self":[{"href":"https:\/\/santehservice.md\/ro\/wp-json\/wp\/v2\/product\/1790","targetHints":{"allow":["GET"]}}],"collection":[{"href":"https:\/\/santehservice.md\/ro\/wp-json\/wp\/v2\/product"}],"about":[{"href":"https:\/\/santehservice.md\/ro\/wp-json\/wp\/v2\/types\/product"}],"wp:featuredmedia":[{"embeddable":true,"href":"https:\/\/santehservice.md\/ro\/wp-json\/wp\/v2\/media\/1324"}],"wp:attachment":[{"href":"https:\/\/santehservice.md\/ro\/wp-json\/wp\/v2\/media?parent=1790"}],"wp:term":[{"taxonomy":"product_cat","embeddable":true,"href":"https:\/\/santehservice.md\/ro\/wp-json\/wp\/v2\/product_cat?post=1790"},{"taxonomy":"product_tag","embeddable":true,"href":"https:\/\/santehservice.md\/ro\/wp-json\/wp\/v2\/product_tag?post=1790"}],"curies":[{"name":"wp","href":"https:\/\/api.w.org\/{rel}","templated":true}]}}