{"id":1813,"date":"2022-09-13T23:12:21","date_gmt":"2022-09-13T20:12:21","guid":{"rendered":"https:\/\/santehservice.md\/?post_type=product&#038;p=1813"},"modified":"2022-09-13T23:12:21","modified_gmt":"2022-09-13T20:12:21","slug":"cazan-pe-combustibil-solid-cupper-expert-30-cu-arzator-pe-peleti-instalare","status":"publish","type":"product","link":"https:\/\/santehservice.md\/ro\/shop\/cazan-pe-combustibil-solid-cupper-expert-30-cu-arzator-pe-peleti-instalare\/","title":{"rendered":"Cazan pe combustibil solid CUPPER EXPERT-30 cu arz\u0103tor pe pele\u021bi + instalare"},"content":{"rendered":"<div class=\"ty-product-feature\">\n<div class=\"ty-product-feature__label\">\n<div class=\"ty-product-feature\">\n<div class=\"ty-product-feature__label\">\n<div class=\"ty-product-feature\">\n<div class=\"ty-product-feature__label\">\n<div class=\"ty-product-feature\">\n<div class=\"ty-product-feature__label\">\n<div class=\"ty-product-feature\">\n<div class=\"ty-product-feature__label\">\n<div class=\"ty-product-feature\">\n<div class=\"ty-product-feature__label\">\n<div class=\"ty-product-feature\">\n<div class=\"ty-product-feature__label\">Marca: TEPLODAR<br \/>\nSeria: Cupper EXPERT<br \/>\nDiametrul cosului de fum: 150 mm<br \/>\nFunc\u021bii suplimentare: element de \u00eenc\u0103lzire \u00eencorporat, conexiune arz\u0103tor pe gaz, conexiune arz\u0103tor pe pele\u021bi<br \/>\nScop: pentru garaj, pentru resedinta de vara, pentru locuinta<br \/>\nSuprafata camerei, m\u00b2: 220-300<br \/>\nProduse \u00eenrudite: Bunc\u0103r de podea\/cazan. Sec\u021biunea bunc\u0103rului de podea.<br \/>\nCombustibil: pele\u021bi<\/div>\n<\/div>\n<\/div>\n<\/div>\n<\/div>\n<\/div>\n<\/div>\n<\/div>\n<\/div>\n<\/div>\n<\/div>\n<\/div>\n<\/div>\n<\/div>\n","protected":false},"excerpt":{"rendered":"<h1>Cazan pe combustibil solid CUPPER EXPERT-30 cu arz\u0103tor pe pele\u021bi + instalare:<br \/>\n<a href=\"tel:+373 60 094 995\">+373 60 094 995<\/a><\/h1>\n","protected":false},"featured_media":1297,"template":"","meta":[],"product_cat":[243,241],"product_tag":[290,286,289],"class_list":["post-1813","product","type-product","status-publish","has-post-thumbnail","hentry","product_cat-cazane-pe-combustibil-solid","product_cat-incalzire-si-apa-calda","product_tag-cazane-pe-combustibil-solid","product_tag-incalzire-si-apa-calda","product_tag-teplodar-2"],"aioseo_notices":[],"_links":{"self":[{"href":"https:\/\/santehservice.md\/ro\/wp-json\/wp\/v2\/product\/1813","targetHints":{"allow":["GET"]}}],"collection":[{"href":"https:\/\/santehservice.md\/ro\/wp-json\/wp\/v2\/product"}],"about":[{"href":"https:\/\/santehservice.md\/ro\/wp-json\/wp\/v2\/types\/product"}],"wp:featuredmedia":[{"embeddable":true,"href":"https:\/\/santehservice.md\/ro\/wp-json\/wp\/v2\/media\/1297"}],"wp:attachment":[{"href":"https:\/\/santehservice.md\/ro\/wp-json\/wp\/v2\/media?parent=1813"}],"wp:term":[{"taxonomy":"product_cat","embeddable":true,"href":"https:\/\/santehservice.md\/ro\/wp-json\/wp\/v2\/product_cat?post=1813"},{"taxonomy":"product_tag","embeddable":true,"href":"https:\/\/santehservice.md\/ro\/wp-json\/wp\/v2\/product_tag?post=1813"}],"curies":[{"name":"wp","href":"https:\/\/api.w.org\/{rel}","templated":true}]}}