{"id":1815,"date":"2022-09-13T23:14:37","date_gmt":"2022-09-13T20:14:37","guid":{"rendered":"https:\/\/santehservice.md\/?post_type=product&#038;p=1815"},"modified":"2022-09-13T23:14:37","modified_gmt":"2022-09-13T20:14:37","slug":"cazan-pe-combustibil-solid-cupper-mega-20-instalare","status":"publish","type":"product","link":"https:\/\/santehservice.md\/ro\/shop\/cazan-pe-combustibil-solid-cupper-mega-20-instalare\/","title":{"rendered":"Cazan pe combustibil solid CUPPER MEGA-20 + instalare"},"content":{"rendered":"<div class=\"ty-product-feature\">\n<div class=\"ty-product-feature__label\">\n<div class=\"ty-product-feature\">\n<div class=\"ty-product-feature__label\">\n<div class=\"ty-product-feature\">\n<div class=\"ty-product-feature__label\">\n<div class=\"ty-product-feature\">\n<div class=\"ty-product-feature__label\">\n<div class=\"ty-product-feature\">\n<div class=\"ty-product-feature__label\">\n<div class=\"ty-product-feature\">\n<div class=\"ty-product-feature__label\">\n<div class=\"ty-product-feature\">\n<div class=\"ty-product-feature__label\">\n<p>Marca: TEPLODAR<br \/>\nSeria: Cupper MEGA<br \/>\nDiametrul cosului de fum: 150 mm<br \/>\nScop: pentru garaj, pentru resedinta de vara, pentru locuinta<br \/>\nSuprafata camerei, m\u00b2: 130-200<br \/>\nProduse inrudite: Regulator de tiraj cazan, bloc incalzitor 6 kW G1-1\/2<br \/>\nCombustibil: lemn de foc, c\u0103rbune, brichete de lemn, brichete de turb\u0103, brichete de c\u0103rbune<\/p>\n<\/div>\n<\/div>\n<\/div>\n<\/div>\n<\/div>\n<\/div>\n<\/div>\n<\/div>\n<\/div>\n<\/div>\n<\/div>\n<\/div>\n<\/div>\n<\/div>\n","protected":false},"excerpt":{"rendered":"<h1>Cazan pe combustibil solid CUPPER MEGA-20 + instalare:<br \/>\n<a href=\"tel:+373 60 094 995\">+373 60 094 995<\/a><\/h1>\n","protected":false},"featured_media":1300,"template":"","meta":[],"product_cat":[243,241],"product_tag":[290,286,289],"class_list":["post-1815","product","type-product","status-publish","has-post-thumbnail","hentry","product_cat-cazane-pe-combustibil-solid","product_cat-incalzire-si-apa-calda","product_tag-cazane-pe-combustibil-solid","product_tag-incalzire-si-apa-calda","product_tag-teplodar-2"],"aioseo_notices":[],"_links":{"self":[{"href":"https:\/\/santehservice.md\/ro\/wp-json\/wp\/v2\/product\/1815","targetHints":{"allow":["GET"]}}],"collection":[{"href":"https:\/\/santehservice.md\/ro\/wp-json\/wp\/v2\/product"}],"about":[{"href":"https:\/\/santehservice.md\/ro\/wp-json\/wp\/v2\/types\/product"}],"wp:featuredmedia":[{"embeddable":true,"href":"https:\/\/santehservice.md\/ro\/wp-json\/wp\/v2\/media\/1300"}],"wp:attachment":[{"href":"https:\/\/santehservice.md\/ro\/wp-json\/wp\/v2\/media?parent=1815"}],"wp:term":[{"taxonomy":"product_cat","embeddable":true,"href":"https:\/\/santehservice.md\/ro\/wp-json\/wp\/v2\/product_cat?post=1815"},{"taxonomy":"product_tag","embeddable":true,"href":"https:\/\/santehservice.md\/ro\/wp-json\/wp\/v2\/product_tag?post=1815"}],"curies":[{"name":"wp","href":"https:\/\/api.w.org\/{rel}","templated":true}]}}