{"id":1826,"date":"2022-09-13T23:32:15","date_gmt":"2022-09-13T20:32:15","guid":{"rendered":"https:\/\/santehservice.md\/?post_type=product&#038;p=1826"},"modified":"2022-09-13T23:32:15","modified_gmt":"2022-09-13T20:32:15","slug":"uscator-de-prosoape-perfetto-instalare","status":"publish","type":"product","link":"https:\/\/santehservice.md\/ro\/shop\/uscator-de-prosoape-perfetto-instalare\/","title":{"rendered":"Usc\u0103tor de prosoape Perfetto + instalare"},"content":{"rendered":"<p>Suportul de prosoape \u00eenc\u0103lzit Perfetto emailat este proiectat pentru uscarea prosoapelor sau a lucrurilor. Modelul Perfetto este realizat in trei variante: Drept, Oval si cu bara transversala. Se distinge printr-o form\u0103 special\u0103 de construc\u021bie \u0219i putere termic\u0103 mare, reduce nivelul de umiditate din camer\u0103. Astfel, lucrurile din baie r\u0103m\u00e2n uscate. O nou\u0103 defini\u021bie a confortului \u0219i rafinamentului \u00een casa ta. Dorim s\u0103 v\u0103 inform\u0103m c\u0103 suportul pentru prosoape \u00eenc\u0103lzit este folosit \u00een principal pentru uscarea prosoapelor.<br \/>\nDimensiuni: 500*700, 500*700<\/p>\n","protected":false},"excerpt":{"rendered":"<h1>Usc\u0103tor de prosoape Perfetto + instalare:<br \/>\n<a href=\"tel:+373 60 094 995\">+373 60 094 995<\/a><\/h1>\n","protected":false},"featured_media":1457,"template":"","meta":[],"product_cat":[245,244],"product_tag":[297,291,292],"class_list":["post-1826","product","type-product","status-publish","has-post-thumbnail","hentry","product_cat-din-otel-inoxidabil","product_cat-uscatoare-de-prosoape","product_tag-perfetto-2","product_tag-uscatoare-de-prosoape","product_tag-uscatoare-de-prosoape-din-otel-inoxidabil"],"aioseo_notices":[],"_links":{"self":[{"href":"https:\/\/santehservice.md\/ro\/wp-json\/wp\/v2\/product\/1826","targetHints":{"allow":["GET"]}}],"collection":[{"href":"https:\/\/santehservice.md\/ro\/wp-json\/wp\/v2\/product"}],"about":[{"href":"https:\/\/santehservice.md\/ro\/wp-json\/wp\/v2\/types\/product"}],"wp:featuredmedia":[{"embeddable":true,"href":"https:\/\/santehservice.md\/ro\/wp-json\/wp\/v2\/media\/1457"}],"wp:attachment":[{"href":"https:\/\/santehservice.md\/ro\/wp-json\/wp\/v2\/media?parent=1826"}],"wp:term":[{"taxonomy":"product_cat","embeddable":true,"href":"https:\/\/santehservice.md\/ro\/wp-json\/wp\/v2\/product_cat?post=1826"},{"taxonomy":"product_tag","embeddable":true,"href":"https:\/\/santehservice.md\/ro\/wp-json\/wp\/v2\/product_tag?post=1826"}],"curies":[{"name":"wp","href":"https:\/\/api.w.org\/{rel}","templated":true}]}}