{"id":1829,"date":"2022-09-13T23:35:54","date_gmt":"2022-09-13T20:35:54","guid":{"rendered":"https:\/\/santehservice.md\/?post_type=product&#038;p=1829"},"modified":"2022-09-13T23:35:55","modified_gmt":"2022-09-13T20:35:55","slug":"uscator-de-prosoape-nova-florida-cool-instalare","status":"publish","type":"product","link":"https:\/\/santehservice.md\/ro\/shop\/uscator-de-prosoape-nova-florida-cool-instalare\/","title":{"rendered":"Usc\u0103tor de prosoape NOVA FLORIDA COOL + instalare"},"content":{"rendered":"<div class=\"description-min\">Suport prosoape \u00eenc\u0103lzit NOVA FLORIDA COOL 500*1160 mm drept 738 W. Unic \u00een felul s\u0103u Suportul pentru prosoape \u00eenc\u0103lzit COOL sunt 100% fabricate din aluminiu. Datorita calitatii superioare si conductibilitatii termice de neegalat a materiilor prime, caloriferele COOL iti vor incalzi baia chiar si la incalzire la temperaturi joase, ceea ce garanteaza economii de energie pe termen lung. Disponibil \u00eentr-o gam\u0103 larg\u0103 de finisaje \u0219i dimensiuni pentru a se potrivi fiec\u0103rei necesit\u0103\u021bi, suporturile pentru prosoape Fondital sunt 100% fabricate \u00een Italia \u0219i vin standard cu tratamentul anticoroziv exclusiv Aleternum.<\/div>\n","protected":false},"excerpt":{"rendered":"<h1>Usc\u0103tor de prosoape NOVA FLORIDA COOL + instalare:<br \/>\n<a href=\"tel:+373 60 094 995\">+373 60 094 995<\/a><\/h1>\n","protected":false},"featured_media":1463,"template":"","meta":[],"product_cat":[245,244],"product_tag":[299,291,292],"class_list":["post-1829","product","type-product","status-publish","has-post-thumbnail","hentry","product_cat-din-otel-inoxidabil","product_cat-uscatoare-de-prosoape","product_tag-nova-florida-2","product_tag-uscatoare-de-prosoape","product_tag-uscatoare-de-prosoape-din-otel-inoxidabil"],"aioseo_notices":[],"_links":{"self":[{"href":"https:\/\/santehservice.md\/ro\/wp-json\/wp\/v2\/product\/1829","targetHints":{"allow":["GET"]}}],"collection":[{"href":"https:\/\/santehservice.md\/ro\/wp-json\/wp\/v2\/product"}],"about":[{"href":"https:\/\/santehservice.md\/ro\/wp-json\/wp\/v2\/types\/product"}],"wp:featuredmedia":[{"embeddable":true,"href":"https:\/\/santehservice.md\/ro\/wp-json\/wp\/v2\/media\/1463"}],"wp:attachment":[{"href":"https:\/\/santehservice.md\/ro\/wp-json\/wp\/v2\/media?parent=1829"}],"wp:term":[{"taxonomy":"product_cat","embeddable":true,"href":"https:\/\/santehservice.md\/ro\/wp-json\/wp\/v2\/product_cat?post=1829"},{"taxonomy":"product_tag","embeddable":true,"href":"https:\/\/santehservice.md\/ro\/wp-json\/wp\/v2\/product_tag?post=1829"}],"curies":[{"name":"wp","href":"https:\/\/api.w.org\/{rel}","templated":true}]}}