{"id":1868,"date":"2022-09-17T03:56:36","date_gmt":"2022-09-17T00:56:36","guid":{"rendered":"https:\/\/santehservice.md\/?post_type=product&#038;p=1868"},"modified":"2022-09-17T03:56:36","modified_gmt":"2022-09-17T00:56:36","slug":"radiator-bimetalic-mirado-500-san-teh-rai-instalare","status":"publish","type":"product","link":"https:\/\/santehservice.md\/ro\/shop\/radiator-bimetalic-mirado-500-san-teh-rai-instalare\/","title":{"rendered":"Radiator bimetalic Mirado 500 SAN TEH RAI + instalare"},"content":{"rendered":"<p>Tip Bimetal<br \/>\nDisiparea c\u0103ldurii 178 W<br \/>\nSuprafa\u021b\u0103 \u00eenc\u0103lzit\u0103 (p\u00e2n\u0103 la) 1,7 m\u00b2<br \/>\nInaltime 552 mm<br \/>\nLatime 80 mm<br \/>\nAd\u00e2ncime 96 mm<br \/>\nGreutate 1,75 kg<br \/>\nDistanta intre centru 500 mm<br \/>\nTemperatura maxima 110 \u00b0C<br \/>\nProducator SAN TEH RAI<br \/>\n\u021aara de origine Ucraina<br \/>\nGarantie 12 luni<\/p>\n<p>&nbsp;<\/p>\n<div class=\"ty-product-feature\">\n<div class=\"ty-product-feature__label\">\n<div class=\"ty-product-feature\">\n<div class=\"ty-product-feature__label\">\n<div class=\"ty-product-feature\">\n<div class=\"ty-product-feature__label\">\n<div class=\"ty-product-feature\">\n<div class=\"ty-product-feature__label\"><\/div>\n<\/div>\n<\/div>\n<\/div>\n<\/div>\n<\/div>\n<\/div>\n<\/div>\n","protected":false},"excerpt":{"rendered":"<h1>Radiator bimetalic Mirado 500 SAN TEH RAI + instalare:<br \/>\n<a href=\"tel:+373 60 094 995\">+373 60 094 995<\/a><\/h1>\n","protected":false},"featured_media":1361,"template":"","meta":[],"product_cat":[248,247],"product_tag":[306,304,309],"class_list":["post-1868","product","type-product","status-publish","has-post-thumbnail","hentry","product_cat-bimetalice","product_cat-radiatoare-de-incalzire","product_tag-radiatoare-de-incalzire","product_tag-radiatore-bimetalice","product_tag-san-teh-rai-2"],"aioseo_notices":[],"_links":{"self":[{"href":"https:\/\/santehservice.md\/ro\/wp-json\/wp\/v2\/product\/1868","targetHints":{"allow":["GET"]}}],"collection":[{"href":"https:\/\/santehservice.md\/ro\/wp-json\/wp\/v2\/product"}],"about":[{"href":"https:\/\/santehservice.md\/ro\/wp-json\/wp\/v2\/types\/product"}],"wp:featuredmedia":[{"embeddable":true,"href":"https:\/\/santehservice.md\/ro\/wp-json\/wp\/v2\/media\/1361"}],"wp:attachment":[{"href":"https:\/\/santehservice.md\/ro\/wp-json\/wp\/v2\/media?parent=1868"}],"wp:term":[{"taxonomy":"product_cat","embeddable":true,"href":"https:\/\/santehservice.md\/ro\/wp-json\/wp\/v2\/product_cat?post=1868"},{"taxonomy":"product_tag","embeddable":true,"href":"https:\/\/santehservice.md\/ro\/wp-json\/wp\/v2\/product_tag?post=1868"}],"curies":[{"name":"wp","href":"https:\/\/api.w.org\/{rel}","templated":true}]}}