{"id":1869,"date":"2022-09-17T03:59:35","date_gmt":"2022-09-17T00:59:35","guid":{"rendered":"https:\/\/santehservice.md\/?post_type=product&#038;p=1869"},"modified":"2022-09-17T03:59:35","modified_gmt":"2022-09-17T00:59:35","slug":"radiator-din-otel-e-c-a-sfat-22-instalare","status":"publish","type":"product","link":"https:\/\/santehservice.md\/ro\/shop\/radiator-din-otel-e-c-a-sfat-22-instalare\/","title":{"rendered":"Radiator din otel E.C.A. Sfat-22 + instalare"},"content":{"rendered":"<p>Producator: E.C.A.<br \/>\nTara de origine: Turcia<br \/>\nGarantie: 10 ani<\/p>\n<p>Radiator panou de otel E.C.A. combin\u0103 confortul, economia \u0219i rafinamentul. Radiatoare E.C.A. posibil de utilizat: \u00een spa\u021bii reziden\u021biale, \u00een institu\u021bii de \u00eenv\u0103\u021b\u0103m\u00e2nt, \u00een spitale \u0219i institu\u021bii comerciale.<\/p>\n<p>Colorare de \u00eenalt\u0103 calitate. Toate caloriferele sunt finisate cu vopsea alb\u0103 pulbere epoxipoliester (RAL9010 \u2013 RAL9016). \u00cen plus, pentru cei mai preten\u021bio\u0219i, este oferit\u0103 o gam\u0103 larg\u0103 de culori. Fiecare radiator este supus unui pretratament \u00een mai multe etape cu un strat de zirconiu nano-ceramic urmat de o acoperire cu pulbere epoxi poliester.<\/p>\n<p>Gam\u0103 larg\u0103. Exist\u0103 o gam\u0103 larg\u0103 de radiatoare cu panou, interval de \u00een\u0103l\u021bime de la 300 mm la 900 mm, interval de lungime de la 400 mm la 3000 mm.<\/p>\n<p>Grila superioar\u0103 \u0219i panourile laterale instalate din fabric\u0103. Toate radiatoarele noastre cu panouri sunt complete cu panouri laterale. Toate caloriferele E.C.A. sunt produse \u00een conformitate cu cerin\u021bele sistemului de calitate ISO 9001, sistemul de protec\u021bie a mediului ISO 14001.<\/p>\n","protected":false},"excerpt":{"rendered":"<h1>Radiator din otel E.C.A. Sfat-22 + instalare:<br \/>\n<a href=\"tel:+373 60 094 995\">+373 60 094 995<\/a><\/h1>\n","protected":false},"featured_media":1366,"template":"","meta":[],"product_cat":[249,247],"product_tag":[311,306,312,310],"class_list":["post-1869","product","type-product","status-publish","has-post-thumbnail","hentry","product_cat-din-fier","product_cat-radiatoare-de-incalzire","product_tag-e-c-a-2","product_tag-radiatoare-de-incalzire","product_tag-radiatore-din-fier","product_tag-radiatore-din-otel"],"aioseo_notices":[],"_links":{"self":[{"href":"https:\/\/santehservice.md\/ro\/wp-json\/wp\/v2\/product\/1869","targetHints":{"allow":["GET"]}}],"collection":[{"href":"https:\/\/santehservice.md\/ro\/wp-json\/wp\/v2\/product"}],"about":[{"href":"https:\/\/santehservice.md\/ro\/wp-json\/wp\/v2\/types\/product"}],"wp:featuredmedia":[{"embeddable":true,"href":"https:\/\/santehservice.md\/ro\/wp-json\/wp\/v2\/media\/1366"}],"wp:attachment":[{"href":"https:\/\/santehservice.md\/ro\/wp-json\/wp\/v2\/media?parent=1869"}],"wp:term":[{"taxonomy":"product_cat","embeddable":true,"href":"https:\/\/santehservice.md\/ro\/wp-json\/wp\/v2\/product_cat?post=1869"},{"taxonomy":"product_tag","embeddable":true,"href":"https:\/\/santehservice.md\/ro\/wp-json\/wp\/v2\/product_tag?post=1869"}],"curies":[{"name":"wp","href":"https:\/\/api.w.org\/{rel}","templated":true}]}}