{"id":1875,"date":"2022-09-17T04:04:25","date_gmt":"2022-09-17T01:04:25","guid":{"rendered":"https:\/\/santehservice.md\/?post_type=product&#038;p=1875"},"modified":"2022-09-17T04:04:25","modified_gmt":"2022-09-17T01:04:25","slug":"radiator-din-otel-warmhaus-tip-33-instalare","status":"publish","type":"product","link":"https:\/\/santehservice.md\/ro\/shop\/radiator-din-otel-warmhaus-tip-33-instalare\/","title":{"rendered":"Radiator din otel Warmhaus Tip &#8211; 33 + instalare"},"content":{"rendered":"<p>Producator Warmhaus<br \/>\nTara de origine Turcia<br \/>\nGarantie 36 luni<\/p>\n<p>Radiatoarele Warmhaus Tip &#8211; 33 sunt durabile, u\u0219or de instalat. Difer\u0103 \u00een eficien\u021b\u0103 termic\u0103 ridicat\u0103. Potrivit pentru orice interior.<\/p>\n","protected":false},"excerpt":{"rendered":"<h1>Radiator din otel Warmhaus Tip &#8211; 33 + instalare:<br \/>\n<a href=\"tel:+373 60 094 995\">+373 60 094 995<\/a><\/h1>\n","protected":false},"featured_media":1376,"template":"","meta":[],"product_cat":[249,247],"product_tag":[306,312,310,314],"class_list":["post-1875","product","type-product","status-publish","has-post-thumbnail","hentry","product_cat-din-fier","product_cat-radiatoare-de-incalzire","product_tag-radiatoare-de-incalzire","product_tag-radiatore-din-fier","product_tag-radiatore-din-otel","product_tag-warmhaus-2"],"aioseo_notices":[],"_links":{"self":[{"href":"https:\/\/santehservice.md\/ro\/wp-json\/wp\/v2\/product\/1875","targetHints":{"allow":["GET"]}}],"collection":[{"href":"https:\/\/santehservice.md\/ro\/wp-json\/wp\/v2\/product"}],"about":[{"href":"https:\/\/santehservice.md\/ro\/wp-json\/wp\/v2\/types\/product"}],"wp:featuredmedia":[{"embeddable":true,"href":"https:\/\/santehservice.md\/ro\/wp-json\/wp\/v2\/media\/1376"}],"wp:attachment":[{"href":"https:\/\/santehservice.md\/ro\/wp-json\/wp\/v2\/media?parent=1875"}],"wp:term":[{"taxonomy":"product_cat","embeddable":true,"href":"https:\/\/santehservice.md\/ro\/wp-json\/wp\/v2\/product_cat?post=1875"},{"taxonomy":"product_tag","embeddable":true,"href":"https:\/\/santehservice.md\/ro\/wp-json\/wp\/v2\/product_tag?post=1875"}],"curies":[{"name":"wp","href":"https:\/\/api.w.org\/{rel}","templated":true}]}}