{"id":1884,"date":"2022-09-17T04:12:45","date_gmt":"2022-09-17T01:12:45","guid":{"rendered":"https:\/\/santehservice.md\/?post_type=product&#038;p=1884"},"modified":"2022-09-17T04:12:46","modified_gmt":"2022-09-17T01:12:46","slug":"radiator-din-otel-termo-max-tip-22-instalare","status":"publish","type":"product","link":"https:\/\/santehservice.md\/ro\/shop\/radiator-din-otel-termo-max-tip-22-instalare\/","title":{"rendered":"Radiator din otel TERMO MAX Tip &#8211; 22 + instalare"},"content":{"rendered":"<p>Radiatoarele panou din otel TERMO MAX Tip &#8211; 22 sunt radiatoare cu racord lateral sau diagonal, concepute pentru utilizare in cladiri rezidentiale, industriale si publice cu sistem de incalzire inchis. Tipul 22 \u00eenseamn\u0103 dou\u0103 panouri laterale \u0219i dou\u0103 convectoare \u00een interior. Radiatoarele cu panou din o\u021bel lustruit TERMO MAX au o grosime de metal de 1,2 mm \u0219i o \u00een\u0103l\u021bime de 500 cu un volum de ap\u0103 de 5,3 l\/m \u0219i 300 cu un volum de ap\u0103 de 3,4 l\/m.<\/p>\n","protected":false},"excerpt":{"rendered":"<h1>Radiator din otel TERMO MAX Tip &#8211; 22 + instalare:<br \/>\n<a href=\"tel:+373 60 094 995\">+373 60 094 995<\/a><\/h1>\n","protected":false},"featured_media":1391,"template":"","meta":[],"product_cat":[249,247],"product_tag":[306,312,310,316],"class_list":["post-1884","product","type-product","status-publish","has-post-thumbnail","hentry","product_cat-din-fier","product_cat-radiatoare-de-incalzire","product_tag-radiatoare-de-incalzire","product_tag-radiatore-din-fier","product_tag-radiatore-din-otel","product_tag-termo-max-2"],"aioseo_notices":[],"_links":{"self":[{"href":"https:\/\/santehservice.md\/ro\/wp-json\/wp\/v2\/product\/1884","targetHints":{"allow":["GET"]}}],"collection":[{"href":"https:\/\/santehservice.md\/ro\/wp-json\/wp\/v2\/product"}],"about":[{"href":"https:\/\/santehservice.md\/ro\/wp-json\/wp\/v2\/types\/product"}],"wp:featuredmedia":[{"embeddable":true,"href":"https:\/\/santehservice.md\/ro\/wp-json\/wp\/v2\/media\/1391"}],"wp:attachment":[{"href":"https:\/\/santehservice.md\/ro\/wp-json\/wp\/v2\/media?parent=1884"}],"wp:term":[{"taxonomy":"product_cat","embeddable":true,"href":"https:\/\/santehservice.md\/ro\/wp-json\/wp\/v2\/product_cat?post=1884"},{"taxonomy":"product_tag","embeddable":true,"href":"https:\/\/santehservice.md\/ro\/wp-json\/wp\/v2\/product_tag?post=1884"}],"curies":[{"name":"wp","href":"https:\/\/api.w.org\/{rel}","templated":true}]}}