{"id":1889,"date":"2022-09-17T04:18:40","date_gmt":"2022-09-17T01:18:40","guid":{"rendered":"https:\/\/santehservice.md\/?post_type=product&#038;p=1889"},"modified":"2022-09-17T04:18:40","modified_gmt":"2022-09-17T01:18:40","slug":"radiator-din-fonta-bohemia-r-450-220-instalare","status":"publish","type":"product","link":"https:\/\/santehservice.md\/ro\/shop\/radiator-din-fonta-bohemia-r-450-220-instalare\/","title":{"rendered":"Radiator din fonta Bohemia R 450\/220 + instalare"},"content":{"rendered":"<p>Tip Fonta<br \/>\nDisiparea c\u0103ldurii 113 W<br \/>\nSuprafa\u021b\u0103 \u00eenc\u0103lzit\u0103 (p\u00e2n\u0103 la) 1,13 m\u00b2<br \/>\nInaltime 640 mm<br \/>\nLatime 86 mm<br \/>\nAd\u00e2ncime 225 mm<br \/>\nGreutate 10,3 kg<br \/>\nPresiune de lucru 16 atm.<br \/>\nDistanta intre centru 450 mm<br \/>\nTemperatura maxima 110 \u00b0C<br \/>\nProducator Bohemia<br \/>\n\u021aara de origine Republica Ceh\u0103<br \/>\nGarantie 12<\/p>\n","protected":false},"excerpt":{"rendered":"<h1>Radiator din fonta Bohemia R 450\/220 + instalare:<br \/>\n<a href=\"tel:+373 60 094 995\">+373 60 094 995<\/a><\/h1>\n","protected":false},"featured_media":1430,"template":"","meta":[],"product_cat":[250,247],"product_tag":[320,306,319],"class_list":["post-1889","product","type-product","status-publish","has-post-thumbnail","hentry","product_cat-fonta","product_cat-radiatoare-de-incalzire","product_tag-bohemia-2","product_tag-radiatoare-de-incalzire","product_tag-radiatoare-din-fonta"],"aioseo_notices":[],"_links":{"self":[{"href":"https:\/\/santehservice.md\/ro\/wp-json\/wp\/v2\/product\/1889","targetHints":{"allow":["GET"]}}],"collection":[{"href":"https:\/\/santehservice.md\/ro\/wp-json\/wp\/v2\/product"}],"about":[{"href":"https:\/\/santehservice.md\/ro\/wp-json\/wp\/v2\/types\/product"}],"wp:featuredmedia":[{"embeddable":true,"href":"https:\/\/santehservice.md\/ro\/wp-json\/wp\/v2\/media\/1430"}],"wp:attachment":[{"href":"https:\/\/santehservice.md\/ro\/wp-json\/wp\/v2\/media?parent=1889"}],"wp:term":[{"taxonomy":"product_cat","embeddable":true,"href":"https:\/\/santehservice.md\/ro\/wp-json\/wp\/v2\/product_cat?post=1889"},{"taxonomy":"product_tag","embeddable":true,"href":"https:\/\/santehservice.md\/ro\/wp-json\/wp\/v2\/product_tag?post=1889"}],"curies":[{"name":"wp","href":"https:\/\/api.w.org\/{rel}","templated":true}]}}