{"id":1891,"date":"2022-09-17T04:20:03","date_gmt":"2022-09-17T01:20:03","guid":{"rendered":"https:\/\/santehservice.md\/?post_type=product&#038;p=1891"},"modified":"2022-09-17T04:20:03","modified_gmt":"2022-09-17T01:20:03","slug":"radiator-din-fonta-styl-500-130-instalare","status":"publish","type":"product","link":"https:\/\/santehservice.md\/ro\/shop\/radiator-din-fonta-styl-500-130-instalare\/","title":{"rendered":"Radiator din fonta Styl 500\/130 + instalare"},"content":{"rendered":"<p>Tip Fonta<br \/>\nDisiparea c\u0103ldurii 70 W<br \/>\nSuprafa\u021b\u0103 \u00eenc\u0103lzit\u0103 (p\u00e2n\u0103 la) 0,7 m\u00b2<br \/>\nInaltime 580 mm<br \/>\nLatime 60 mm<br \/>\nAd\u00e2ncime 130 mm<br \/>\nGreutate 4 kg<br \/>\nPresiune de lucru 10 atm.<br \/>\nDistanta intre centru 500 mm<br \/>\nTemperatura maxima 110 \u00b0C<br \/>\nProducator STYL<br \/>\n\u021aara de origine Republica Ceh\u0103<br \/>\nGarantie 12<\/p>\n<p>&nbsp;<\/p>\n","protected":false},"excerpt":{"rendered":"<h1>Radiator din fonta Styl 500\/130 + instalare:<br \/>\n<a href=\"tel:+373 60 094 995\">+373 60 094 995<\/a><\/h1>\n","protected":false},"featured_media":1433,"template":"","meta":[],"product_cat":[250,247],"product_tag":[306,319,321],"class_list":["post-1891","product","type-product","status-publish","has-post-thumbnail","hentry","product_cat-fonta","product_cat-radiatoare-de-incalzire","product_tag-radiatoare-de-incalzire","product_tag-radiatoare-din-fonta","product_tag-styl-2"],"aioseo_notices":[],"_links":{"self":[{"href":"https:\/\/santehservice.md\/ro\/wp-json\/wp\/v2\/product\/1891","targetHints":{"allow":["GET"]}}],"collection":[{"href":"https:\/\/santehservice.md\/ro\/wp-json\/wp\/v2\/product"}],"about":[{"href":"https:\/\/santehservice.md\/ro\/wp-json\/wp\/v2\/types\/product"}],"wp:featuredmedia":[{"embeddable":true,"href":"https:\/\/santehservice.md\/ro\/wp-json\/wp\/v2\/media\/1433"}],"wp:attachment":[{"href":"https:\/\/santehservice.md\/ro\/wp-json\/wp\/v2\/media?parent=1891"}],"wp:term":[{"taxonomy":"product_cat","embeddable":true,"href":"https:\/\/santehservice.md\/ro\/wp-json\/wp\/v2\/product_cat?post=1891"},{"taxonomy":"product_tag","embeddable":true,"href":"https:\/\/santehservice.md\/ro\/wp-json\/wp\/v2\/product_tag?post=1891"}],"curies":[{"name":"wp","href":"https:\/\/api.w.org\/{rel}","templated":true}]}}