{"id":1906,"date":"2022-09-17T04:42:30","date_gmt":"2022-09-17T01:42:30","guid":{"rendered":"https:\/\/santehservice.md\/?post_type=product&#038;p=1906"},"modified":"2022-09-17T04:42:30","modified_gmt":"2022-09-17T01:42:30","slug":"colector-distribuitor-profactor-cu-debitmetru-instalare","status":"publish","type":"product","link":"https:\/\/santehservice.md\/ro\/shop\/colector-distribuitor-profactor-cu-debitmetru-instalare\/","title":{"rendered":"Colector-distribuitor PROFACTOR cu debitmetru + instalare"},"content":{"rendered":"<p>Marca PROFACTOR<br \/>\nMaterial colector O\u021bel inoxidabil<br \/>\nScopul colectorului Pentru \u00eenc\u0103lzire prin pardoseal\u0103, Pentru \u00eenc\u0103lzire<br \/>\nTip colector Distributie<br \/>\nDiametrul colectorului 1-3\/4<br \/>\nFilet colector Tat<br \/>\nNumar de prize 12,10,9,8,7,6,5,4,3<br \/>\nTemperatura maxima de functionare 80,0 C<br \/>\nPresiune maxim\u0103 de lucru 6,0 bar<br \/>\nTara de origine Germania<br \/>\nPerioada de garantie 24 luni.<\/p>\n<div class=\"ty-product-feature\">\n<div class=\"ty-product-feature__label\">\n<div class=\"ty-product-feature\">\n<div class=\"ty-product-feature__label\"><\/div>\n<\/div>\n<\/div>\n<\/div>\n","protected":false},"excerpt":{"rendered":"<h1>Colector-distribuitor PROFACTOR cu debitmetru + instalare:<br \/>\n<a href=\"tel:+373 60 094 995\">+373 60 094 995<\/a><\/h1>\n","protected":false},"featured_media":1529,"template":"","meta":[],"product_cat":[251],"product_tag":[335,325,336],"class_list":["post-1906","product","type-product","status-publish","has-post-thumbnail","hentry","product_cat-incalzirea-in-pardoseala","product_tag-colector-distribuitor","product_tag-incalzirea-in-pardoseala","product_tag-profactor-2"],"aioseo_notices":[],"_links":{"self":[{"href":"https:\/\/santehservice.md\/ro\/wp-json\/wp\/v2\/product\/1906","targetHints":{"allow":["GET"]}}],"collection":[{"href":"https:\/\/santehservice.md\/ro\/wp-json\/wp\/v2\/product"}],"about":[{"href":"https:\/\/santehservice.md\/ro\/wp-json\/wp\/v2\/types\/product"}],"wp:featuredmedia":[{"embeddable":true,"href":"https:\/\/santehservice.md\/ro\/wp-json\/wp\/v2\/media\/1529"}],"wp:attachment":[{"href":"https:\/\/santehservice.md\/ro\/wp-json\/wp\/v2\/media?parent=1906"}],"wp:term":[{"taxonomy":"product_cat","embeddable":true,"href":"https:\/\/santehservice.md\/ro\/wp-json\/wp\/v2\/product_cat?post=1906"},{"taxonomy":"product_tag","embeddable":true,"href":"https:\/\/santehservice.md\/ro\/wp-json\/wp\/v2\/product_tag?post=1906"}],"curies":[{"name":"wp","href":"https:\/\/api.w.org\/{rel}","templated":true}]}}