{"id":1915,"date":"2022-09-17T05:05:11","date_gmt":"2022-09-17T02:05:11","guid":{"rendered":"https:\/\/santehservice.md\/?post_type=product&#038;p=1915"},"modified":"2022-09-17T05:05:11","modified_gmt":"2022-09-17T02:05:11","slug":"tub-metaloplast-izolat-valsir-pexal-instalare","status":"publish","type":"product","link":"https:\/\/santehservice.md\/ro\/shop\/tub-metaloplast-izolat-valsir-pexal-instalare\/","title":{"rendered":"Tub metaloplast izolat VALSIR PEXAL + instalare"},"content":{"rendered":"<p>Complexul PEXAL pentru sistemele de alimentare cu ap\u0103 \u0219i \u00eenc\u0103lzire se bazeaz\u0103 pe utilizarea \u021bevilor multistrat metal-polimer complet cu fitinguri dintr-un aliaj special de alam\u0103. O garnitur\u0103 plat\u0103 din teflon izoleaz\u0103 \u021beava de fiting. Aceast\u0103 garnitur\u0103 elimin\u0103 complet contactul direct \u00eentre dou\u0103 metale, prevenind apari\u021bia coroziunii electrochimice.<\/p>\n","protected":false},"excerpt":{"rendered":"<h1>Tub metaloplast izolat VALSIR PEXAL + instalare:<br \/>\n<a href=\"tel:+373 60 094 995\">+373 60 094 995<\/a><\/h1>\n","protected":false},"featured_media":1550,"template":"","meta":[],"product_cat":[252],"product_tag":[348,344,347],"class_list":["post-1915","product","type-product","status-publish","has-post-thumbnail","hentry","product_cat-tevi-si-fitinguri","product_tag-metaloplast-la-stringer","product_tag-tevi-si-fitinguri","product_tag-tub-metaloplast-izolat"],"aioseo_notices":[],"_links":{"self":[{"href":"https:\/\/santehservice.md\/ro\/wp-json\/wp\/v2\/product\/1915","targetHints":{"allow":["GET"]}}],"collection":[{"href":"https:\/\/santehservice.md\/ro\/wp-json\/wp\/v2\/product"}],"about":[{"href":"https:\/\/santehservice.md\/ro\/wp-json\/wp\/v2\/types\/product"}],"wp:featuredmedia":[{"embeddable":true,"href":"https:\/\/santehservice.md\/ro\/wp-json\/wp\/v2\/media\/1550"}],"wp:attachment":[{"href":"https:\/\/santehservice.md\/ro\/wp-json\/wp\/v2\/media?parent=1915"}],"wp:term":[{"taxonomy":"product_cat","embeddable":true,"href":"https:\/\/santehservice.md\/ro\/wp-json\/wp\/v2\/product_cat?post=1915"},{"taxonomy":"product_tag","embeddable":true,"href":"https:\/\/santehservice.md\/ro\/wp-json\/wp\/v2\/product_tag?post=1915"}],"curies":[{"name":"wp","href":"https:\/\/api.w.org\/{rel}","templated":true}]}}