{"id":1919,"date":"2022-09-17T05:10:59","date_gmt":"2022-09-17T02:10:59","guid":{"rendered":"https:\/\/santehservice.md\/?post_type=product&#038;p=1919"},"modified":"2022-09-17T05:14:15","modified_gmt":"2022-09-17T02:14:15","slug":"tevi-si-teuri-de-diferite-tipuri-la-pres-instalare","status":"publish","type":"product","link":"https:\/\/santehservice.md\/ro\/shop\/tevi-si-teuri-de-diferite-tipuri-la-pres-instalare\/","title":{"rendered":"\u021aevi \u0219i teuri de diferite tipuri la pres + instalare"},"content":{"rendered":"<p>Teurile combinate de sub pres\u0103 sunt utilizate pentru a crea conexiuni filetate \u00een sistemele de alimentare cu ap\u0103 cald\u0103 \u0219i rece, \u00eenc\u0103lzire, \u00eenc\u0103lzire prin pardoseal\u0103. Au o \u00eenalt\u0103 calitate, o rezisten\u021b\u0103 excelent\u0103, rezisten\u021b\u0103 la degradare, instalare u\u0219oar\u0103 \u0219i durat\u0103 lung\u0103 de via\u021b\u0103.<\/p>\n","protected":false},"excerpt":{"rendered":"<h1>\u021aevi \u0219i teuri de diferite tipuri la pres + instalare:<br \/>\n<a href=\"tel:+373 60 094 995\">+373 60 094 995<\/a><\/h1>\n","protected":false},"featured_media":1768,"template":"","meta":[],"product_cat":[252],"product_tag":[351,350,349,344],"class_list":["post-1919","product","type-product","status-publish","has-post-thumbnail","hentry","product_cat-tevi-si-fitinguri","product_tag-metaloplast","product_tag-teuri","product_tag-tevi","product_tag-tevi-si-fitinguri"],"aioseo_notices":[],"_links":{"self":[{"href":"https:\/\/santehservice.md\/ro\/wp-json\/wp\/v2\/product\/1919","targetHints":{"allow":["GET"]}}],"collection":[{"href":"https:\/\/santehservice.md\/ro\/wp-json\/wp\/v2\/product"}],"about":[{"href":"https:\/\/santehservice.md\/ro\/wp-json\/wp\/v2\/types\/product"}],"wp:featuredmedia":[{"embeddable":true,"href":"https:\/\/santehservice.md\/ro\/wp-json\/wp\/v2\/media\/1768"}],"wp:attachment":[{"href":"https:\/\/santehservice.md\/ro\/wp-json\/wp\/v2\/media?parent=1919"}],"wp:term":[{"taxonomy":"product_cat","embeddable":true,"href":"https:\/\/santehservice.md\/ro\/wp-json\/wp\/v2\/product_cat?post=1919"},{"taxonomy":"product_tag","embeddable":true,"href":"https:\/\/santehservice.md\/ro\/wp-json\/wp\/v2\/product_tag?post=1919"}],"curies":[{"name":"wp","href":"https:\/\/api.w.org\/{rel}","templated":true}]}}