{"id":1920,"date":"2022-09-17T05:13:27","date_gmt":"2022-09-17T02:13:27","guid":{"rendered":"https:\/\/santehservice.md\/?post_type=product&#038;p=1920"},"modified":"2022-09-17T05:13:28","modified_gmt":"2022-09-17T02:13:28","slug":"tevi-si-teuri-pentru-incalzire-in-pardoseala-instalare","status":"publish","type":"product","link":"https:\/\/santehservice.md\/ro\/shop\/tevi-si-teuri-pentru-incalzire-in-pardoseala-instalare\/","title":{"rendered":"\u021aevi \u0219i teuri pentru \u00eenc\u0103lzire \u00een pardoseal\u0103 + instalare"},"content":{"rendered":"<p>Sunt folosite pentru a crea conexiuni filetate \u00een sistemele de alimentare cu ap\u0103 cald\u0103 \u0219i rece, \u00eenc\u0103lzire, \u00eenc\u0103lzire prin pardoseal\u0103. Au calitate \u00eenalt\u0103, rezisten\u021b\u0103 mare, rezisten\u021b\u0103 la degradare, instalare u\u0219oar\u0103 \u0219i durat\u0103 lung\u0103 de via\u021b\u0103.<\/p>\n","protected":false},"excerpt":{"rendered":"<h1>\u021aevi \u0219i teuri pentru \u00eenc\u0103lzire \u00een pardoseal\u0103 + instalare:<br \/>\n<a href=\"tel:+373 60 094 995\">+373 60 094 995<\/a><\/h1>\n","protected":false},"featured_media":1770,"template":"","meta":[],"product_cat":[252],"product_tag":[350,349,344],"class_list":["post-1920","product","type-product","status-publish","has-post-thumbnail","hentry","product_cat-tevi-si-fitinguri","product_tag-teuri","product_tag-tevi","product_tag-tevi-si-fitinguri"],"aioseo_notices":[],"_links":{"self":[{"href":"https:\/\/santehservice.md\/ro\/wp-json\/wp\/v2\/product\/1920","targetHints":{"allow":["GET"]}}],"collection":[{"href":"https:\/\/santehservice.md\/ro\/wp-json\/wp\/v2\/product"}],"about":[{"href":"https:\/\/santehservice.md\/ro\/wp-json\/wp\/v2\/types\/product"}],"wp:featuredmedia":[{"embeddable":true,"href":"https:\/\/santehservice.md\/ro\/wp-json\/wp\/v2\/media\/1770"}],"wp:attachment":[{"href":"https:\/\/santehservice.md\/ro\/wp-json\/wp\/v2\/media?parent=1920"}],"wp:term":[{"taxonomy":"product_cat","embeddable":true,"href":"https:\/\/santehservice.md\/ro\/wp-json\/wp\/v2\/product_cat?post=1920"},{"taxonomy":"product_tag","embeddable":true,"href":"https:\/\/santehservice.md\/ro\/wp-json\/wp\/v2\/product_tag?post=1920"}],"curies":[{"name":"wp","href":"https:\/\/api.w.org\/{rel}","templated":true}]}}