{"id":1921,"date":"2022-09-17T05:16:39","date_gmt":"2022-09-17T02:16:39","guid":{"rendered":"https:\/\/santehservice.md\/?post_type=product&#038;p=1921"},"modified":"2022-09-17T05:16:39","modified_gmt":"2022-09-17T02:16:39","slug":"conducte-si-conectori-de-canalizare-instalare","status":"publish","type":"product","link":"https:\/\/santehservice.md\/ro\/shop\/conducte-si-conectori-de-canalizare-instalare\/","title":{"rendered":"Conducte \u0219i conectori de canalizare + instalare"},"content":{"rendered":"<p>Un element integral \u00een sistemul de canalizare sau de canalizare. Conectorii v\u0103 permit s\u0103 conecta\u021bi \u021bevi multidirec\u021bionale \u0219i s\u0103 crea\u021bi o structur\u0103 de conducte ramificate, unde scurgerile vor curge liber \u00een direc\u021bii diferite.<\/p>\n","protected":false},"excerpt":{"rendered":"<h1>Conducte \u0219i conectori de canalizare + instalare:<br \/>\n<a href=\"tel:+373 60 094 995\">+373 60 094 995<\/a><\/h1>\n","protected":false},"featured_media":1774,"template":"","meta":[],"product_cat":[252],"product_tag":[352,353,344],"class_list":["post-1921","product","type-product","status-publish","has-post-thumbnail","hentry","product_cat-tevi-si-fitinguri","product_tag-conducte-de-canalizare","product_tag-conectori-de-canalizare","product_tag-tevi-si-fitinguri"],"aioseo_notices":[],"_links":{"self":[{"href":"https:\/\/santehservice.md\/ro\/wp-json\/wp\/v2\/product\/1921","targetHints":{"allow":["GET"]}}],"collection":[{"href":"https:\/\/santehservice.md\/ro\/wp-json\/wp\/v2\/product"}],"about":[{"href":"https:\/\/santehservice.md\/ro\/wp-json\/wp\/v2\/types\/product"}],"wp:featuredmedia":[{"embeddable":true,"href":"https:\/\/santehservice.md\/ro\/wp-json\/wp\/v2\/media\/1774"}],"wp:attachment":[{"href":"https:\/\/santehservice.md\/ro\/wp-json\/wp\/v2\/media?parent=1921"}],"wp:term":[{"taxonomy":"product_cat","embeddable":true,"href":"https:\/\/santehservice.md\/ro\/wp-json\/wp\/v2\/product_cat?post=1921"},{"taxonomy":"product_tag","embeddable":true,"href":"https:\/\/santehservice.md\/ro\/wp-json\/wp\/v2\/product_tag?post=1921"}],"curies":[{"name":"wp","href":"https:\/\/api.w.org\/{rel}","templated":true}]}}